{"id":6,"date":"2020-10-13T18:58:42","date_gmt":"2020-10-13T18:58:42","guid":{"rendered":"http:\/\/covidcon.dk\/?page_id=6"},"modified":"2020-10-13T19:01:34","modified_gmt":"2020-10-13T19:01:34","slug":"det-nye-umoma-aabner-doerene-2","status":"publish","type":"page","link":"http:\/\/covidcon.dk\/","title":{"rendered":"Coded Video Control"},"content":{"rendered":"\n<div class=\"wp-block-group alignwide\"><div class=\"wp-block-group__inner-container is-layout-flow wp-block-group-is-layout-flow\">\n<h2 class=\"has-text-align-center wp-block-heading\">Her vil blive listet forskellige videokodnings formater.<\/h2>\n<\/div><\/div>\n\n\n\n<div class=\"wp-block-columns alignwide is-layout-flex wp-container-core-columns-is-layout-9d6595d7 wp-block-columns-is-layout-flex\">\n<div class=\"wp-block-column is-layout-flow wp-block-column-is-layout-flow\">\n<div class=\"wp-block-group is-layout-flow wp-block-group-is-layout-flow\"><div class=\"wp-block-group__inner-container\"><\/div><\/div>\n\n\n\n<div class=\"wp-block-group\"><div class=\"wp-block-group__inner-container is-layout-flow wp-block-group-is-layout-flow\">\n<figure class=\"wp-block-image alignfull size-full\"><img decoding=\"async\" src=\"http:\/\/covidcon.dk\/wp-content\/themes\/twentytwenty\/assets\/images\/2020-three-quarters-3.png\" alt=\"\" class=\"wp-image-37\"\/><\/figure>\n\n\n\n<h3 class=\"wp-block-heading\">Operations teater<\/h3>\n\n\n\n<p>1. oktober &#8212; 1. december <\/p>\n\n\n\n<div class=\"wp-block-button is-style-outline is-style-outline--1\"><a class=\"wp-block-button__link\" href=\"https:\/\/make.wordpress.org\/core\/2019\/09\/27\/block-editor-theme-related-updates-in-wordpress-5-3\/\">L\u00e6s mere<\/a><\/div>\n<\/div><\/div>\n<\/div>\n\n\n\n<div class=\"wp-block-column is-layout-flow wp-block-column-is-layout-flow\">\n<div class=\"wp-block-group is-layout-flow wp-block-group-is-layout-flow\"><div class=\"wp-block-group__inner-container\"><\/div><\/div>\n\n\n\n<div class=\"wp-block-group is-layout-flow wp-block-group-is-layout-flow\"><div class=\"wp-block-group__inner-container\"><\/div><\/div>\n<\/div>\n<\/div>\n\n\n\n<figure class=\"wp-block-image alignfull size-full\"><img decoding=\"async\" src=\"http:\/\/covidcon.dk\/wp-content\/themes\/twentytwenty\/assets\/images\/2020-landscape-2.png\" alt=\"\" class=\"wp-image-37\"\/><\/figure>\n\n\n\n<div class=\"wp-block-group alignwide\"><div class=\"wp-block-group__inner-container is-layout-flow wp-block-group-is-layout-flow\">\n<h2 class=\"has-text-align-center has-accent-color has-text-color wp-block-heading\">&#8220;Cyborgs, som filosoffen Donna Haraway beskrev det, er ikke \u00e6rb\u00f8dige. De kan ikke huske kosmos. &#8220;<\/h2>\n<\/div><\/div>\n\n\n\n<p class=\"has-drop-cap\">Med syv etager af sl\u00e5ende arkitektur, viser UMoMA udstillinger med international samtidskunst, nogle gange sammen med kunsthistoriske retrospektiver. Eksistentielle, politiske og filosofiske sp\u00f8rgsm\u00e5l er iboende i vores program. Som bes\u00f8gende inviteres du til guidede ture, samtaler med kunstnere, foredrag, filmforevisninger og andre arrangementer med gratis adgang<\/p>\n\n\n\n<p>Udstillingerne er produceret af UMoMA i samarbejde med kunstnere og museer rundt om i verden, og de tiltr\u00e6kker ofte international opm\u00e6rksomhed. UMoMA har modtaget en s\u00e6rlig udm\u00e6rkelse fra det europ\u00e6iske Museum of the Year, og var blandt de bedste kandidater til \u00e5rets svenske Museums pris samt til Europar\u00e5dets Museums pris.<\/p>\n\n\n\n<p><\/p>\n\n\n\n<div class=\"wp-block-group alignwide has-background\" style=\"background-color:#ffffff\"><div class=\"wp-block-group__inner-container is-layout-flow wp-block-group-is-layout-flow\">\n<div class=\"wp-block-group\"><div class=\"wp-block-group__inner-container is-layout-flow wp-block-group-is-layout-flow\">\n<h2 class=\"has-text-align-center wp-block-heading\">Bliv medlem og f\u00e5 eksklusive tilbud!<\/h2>\n\n\n\n<p class=\"has-text-align-center\">Medlemmer f\u00e5r adgang til eksklusive udstillinger og salg. Vores medlemskaber koster \u20ac99,99 og faktureres \u00e5rligt.<\/p>\n\n\n\n<div class=\"wp-block-button aligncenter\"><a class=\"wp-block-button__link\" href=\"https:\/\/make.wordpress.org\/core\/2019\/09\/27\/block-editor-theme-related-updates-in-wordpress-5-3\/\">Tilmeld dig klubben<\/a><\/div>\n<\/div><\/div>\n<\/div><\/div>\n\n\n\n<figure class=\"wp-block-gallery alignwide columns-2 is-cropped wp-block-gallery-2 is-layout-flex wp-block-gallery-is-layout-flex\"><ul class=\"blocks-gallery-grid\"><li class=\"blocks-gallery-item\"><figure><img decoding=\"async\" src=\"http:\/\/covidcon.dk\/wp-content\/themes\/twentytwenty\/assets\/images\/2020-square-2.png\" alt=\"\" data-id=\"39\" data-full-url=\"http:\/\/covidcon.dk\/wp-content\/themes\/twentytwenty\/assets\/images\/2020-square-2.png\" data-link=\"assets\/images\/2020-square-2\/\" class=\"wp-image-39\"\/><\/figure><\/li><li class=\"blocks-gallery-item\"><figure><img decoding=\"async\" src=\"http:\/\/covidcon.dk\/wp-content\/themes\/twentytwenty\/assets\/images\/2020-square-1.png\" alt=\"\" data-id=\"38\" data-full-url=\"http:\/\/covidcon.dk\/wp-content\/themes\/twentytwenty\/assets\/images\/2020-square-1.png\" data-link=\"http:\/\/covidcon.dk\/wp-content\/themes\/twentytwenty\/assets\/images\/2020-square-1\/\" class=\"wp-image-38\"\/><\/figure><\/li><\/ul><\/figure>\n","protected":false},"excerpt":{"rendered":"<p>Her vil blive listet forskellige videokodnings formater. Operations teater 1. oktober &#8212; 1. december &#8220;Cyborgs, som filosoffen Donna Haraway beskrev det, er ikke \u00e6rb\u00f8dige. De kan ikke huske kosmos. &#8220; Med syv etager af sl\u00e5ende arkitektur, viser UMoMA udstillinger med international samtidskunst, nogle gange sammen med kunsthistoriske retrospektiver. Eksistentielle, politiske og filosofiske sp\u00f8rgsm\u00e5l er iboende [&hellip;]<\/p>\n","protected":false},"author":1,"featured_media":5,"parent":0,"menu_order":0,"comment_status":"closed","ping_status":"closed","template":"","meta":{"footnotes":""},"class_list":["post-6","page","type-page","status-publish","has-post-thumbnail","hentry"],"_links":{"self":[{"href":"http:\/\/covidcon.dk\/index.php\/wp-json\/wp\/v2\/pages\/6","targetHints":{"allow":["GET"]}}],"collection":[{"href":"http:\/\/covidcon.dk\/index.php\/wp-json\/wp\/v2\/pages"}],"about":[{"href":"http:\/\/covidcon.dk\/index.php\/wp-json\/wp\/v2\/types\/page"}],"author":[{"embeddable":true,"href":"http:\/\/covidcon.dk\/index.php\/wp-json\/wp\/v2\/users\/1"}],"replies":[{"embeddable":true,"href":"http:\/\/covidcon.dk\/index.php\/wp-json\/wp\/v2\/comments?post=6"}],"version-history":[{"count":2,"href":"http:\/\/covidcon.dk\/index.php\/wp-json\/wp\/v2\/pages\/6\/revisions"}],"predecessor-version":[{"id":28,"href":"http:\/\/covidcon.dk\/index.php\/wp-json\/wp\/v2\/pages\/6\/revisions\/28"}],"wp:featuredmedia":[{"embeddable":true,"href":"http:\/\/covidcon.dk\/index.php\/wp-json\/wp\/v2\/media\/5"}],"wp:attachment":[{"href":"http:\/\/covidcon.dk\/index.php\/wp-json\/wp\/v2\/media?parent=6"}],"curies":[{"name":"wp","href":"https:\/\/api.w.org\/{rel}","templated":true}]}}